{"id":1930,"date":"2023-03-30T14:14:01","date_gmt":"2023-03-30T12:14:01","guid":{"rendered":"https:\/\/mulej-bled.si\/?page_id=1930"},"modified":"2023-03-30T15:49:30","modified_gmt":"2023-03-30T13:49:30","slug":"o-nas","status":"publish","type":"page","link":"https:\/\/mulej-bled.si\/sl\/o-nas\/","title":{"rendered":"O nas"},"content":{"rendered":"\t\t<div data-elementor-type=\"wp-page\" data-elementor-id=\"1930\" class=\"elementor elementor-1930\">\n\t\t\t\t\t\t\t\t\t<section class=\"elementor-section elementor-top-section elementor-element elementor-element-61274725 elementor-section-stretched elementor-section-boxed elementor-section-height-default elementor-section-height-default\" data-id=\"61274725\" data-element_type=\"section\" data-settings=\"{&quot;background_background&quot;:&quot;classic&quot;,&quot;stretch_section&quot;:&quot;section-stretched&quot;,&quot;shape_divider_bottom&quot;:&quot;wave-brush&quot;}\">\n\t\t\t\t\t\t\t<div class=\"elementor-background-overlay\"><\/div>\n\t\t\t\t\t\t<div class=\"elementor-shape elementor-shape-bottom\" data-negative=\"false\">\n\t\t\t<svg xmlns=\"http:\/\/www.w3.org\/2000\/svg\" viewBox=\"0 0 283.5 27.8\" preserveAspectRatio=\"none\">\n\t<path class=\"elementor-shape-fill\" d=\"M283.5,9.7c0,0-7.3,4.3-14,4.6c-6.8,0.3-12.6,0-20.9-1.5c-11.3-2-33.1-10.1-44.7-5.7\ts-12.1,4.6-18,7.4c-6.6,3.2-20,9.6-36.6,9.3C131.6,23.5,99.5,7.2,86.3,8c-1.4,0.1-6.6,0.8-10.5,2c-3.8,1.2-9.4,3.8-17,4.7\tc-3.2,0.4-8.3,1.1-14.2,0.9c-1.5-0.1-6.3-0.4-12-1.6c-5.7-1.2-11-3.1-15.8-3.7C6.5,9.2,0,10.8,0,10.8V0h283.5V9.7z M260.8,11.3\tc-0.7-1-2-0.4-4.3-0.4c-2.3,0-6.1-1.2-5.8-1.1c0.3,0.1,3.1,1.5,6,1.9C259.7,12.2,261.4,12.3,260.8,11.3z M242.4,8.6\tc0,0-2.4-0.2-5.6-0.9c-3.2-0.8-10.3-2.8-15.1-3.5c-8.2-1.1-15.8,0-15.1,0.1c0.8,0.1,9.6-0.6,17.6,1.1c3.3,0.7,9.3,2.2,12.4,2.7\tC239.9,8.7,242.4,8.6,242.4,8.6z M185.2,8.5c1.7-0.7-13.3,4.7-18.5,6.1c-2.1,0.6-6.2,1.6-10,2c-3.9,0.4-8.9,0.4-8.8,0.5\tc0,0.2,5.8,0.8,11.2,0c5.4-0.8,5.2-1.1,7.6-1.6C170.5,14.7,183.5,9.2,185.2,8.5z M199.1,6.9c0.2,0-0.8-0.4-4.8,1.1\tc-4,1.5-6.7,3.5-6.9,3.7c-0.2,0.1,3.5-1.8,6.6-3C197,7.5,199,6.9,199.1,6.9z M283,6c-0.1,0.1-1.9,1.1-4.8,2.5s-6.9,2.8-6.7,2.7\tc0.2,0,3.5-0.6,7.4-2.5C282.8,6.8,283.1,5.9,283,6z M31.3,11.6c0.1-0.2-1.9-0.2-4.5-1.2s-5.4-1.6-7.8-2C15,7.6,7.3,8.5,7.7,8.6\tC8,8.7,15.9,8.3,20.2,9.3c2.2,0.5,2.4,0.5,5.7,1.6S31.2,11.9,31.3,11.6z M73,9.2c0.4-0.1,3.5-1.6,8.4-2.6c4.9-1.1,8.9-0.5,8.9-0.8\tc0-0.3-1-0.9-6.2-0.3S72.6,9.3,73,9.2z M71.6,6.7C71.8,6.8,75,5.4,77.3,5c2.3-0.3,1.9-0.5,1.9-0.6c0-0.1-1.1-0.2-2.7,0.2\tC74.8,5.1,71.4,6.6,71.6,6.7z M93.6,4.4c0.1,0.2,3.5,0.8,5.6,1.8c2.1,1,1.8,0.6,1.9,0.5c0.1-0.1-0.8-0.8-2.4-1.3\tC97.1,4.8,93.5,4.2,93.6,4.4z M65.4,11.1c-0.1,0.3,0.3,0.5,1.9-0.2s2.6-1.3,2.2-1.2s-0.9,0.4-2.5,0.8C65.3,10.9,65.5,10.8,65.4,11.1\tz M34.5,12.4c-0.2,0,2.1,0.8,3.3,0.9c1.2,0.1,2,0.1,2-0.2c0-0.3-0.1-0.5-1.6-0.4C36.6,12.8,34.7,12.4,34.5,12.4z M152.2,21.1\tc-0.1,0.1-2.4-0.3-7.5-0.3c-5,0-13.6-2.4-17.2-3.5c-3.6-1.1,10,3.9,16.5,4.1C150.5,21.6,152.3,21,152.2,21.1z\"\/>\n\t<path class=\"elementor-shape-fill\" d=\"M269.6,18c-0.1-0.1-4.6,0.3-7.2,0c-7.3-0.7-17-3.2-16.6-2.9c0.4,0.3,13.7,3.1,17,3.3\tC267.7,18.8,269.7,18,269.6,18z\"\/>\n\t<path class=\"elementor-shape-fill\" d=\"M227.4,9.8c-0.2-0.1-4.5-1-9.5-1.2c-5-0.2-12.7,0.6-12.3,0.5c0.3-0.1,5.9-1.8,13.3-1.2\tS227.6,9.9,227.4,9.8z\"\/>\n\t<path class=\"elementor-shape-fill\" d=\"M204.5,13.4c-0.1-0.1,2-1,3.2-1.1c1.2-0.1,2,0,2,0.3c0,0.3-0.1,0.5-1.6,0.4\tC206.4,12.9,204.6,13.5,204.5,13.4z\"\/>\n\t<path class=\"elementor-shape-fill\" d=\"M201,10.6c0-0.1-4.4,1.2-6.3,2.2c-1.9,0.9-6.2,3.1-6.1,3.1c0.1,0.1,4.2-1.6,6.3-2.6\tS201,10.7,201,10.6z\"\/>\n\t<path class=\"elementor-shape-fill\" d=\"M154.5,26.7c-0.1-0.1-4.6,0.3-7.2,0c-7.3-0.7-17-3.2-16.6-2.9c0.4,0.3,13.7,3.1,17,3.3\tC152.6,27.5,154.6,26.8,154.5,26.7z\"\/>\n\t<path class=\"elementor-shape-fill\" d=\"M41.9,19.3c0,0,1.2-0.3,2.9-0.1c1.7,0.2,5.8,0.9,8.2,0.7c4.2-0.4,7.4-2.7,7-2.6\tc-0.4,0-4.3,2.2-8.6,1.9c-1.8-0.1-5.1-0.5-6.7-0.4S41.9,19.3,41.9,19.3z\"\/>\n\t<path class=\"elementor-shape-fill\" d=\"M75.5,12.6c0.2,0.1,2-0.8,4.3-1.1c2.3-0.2,2.1-0.3,2.1-0.5c0-0.1-1.8-0.4-3.4,0\tC76.9,11.5,75.3,12.5,75.5,12.6z\"\/>\n\t<path class=\"elementor-shape-fill\" d=\"M15.6,13.2c0-0.1,4.3,0,6.7,0.5c2.4,0.5,5,1.9,5,2c0,0.1-2.7-0.8-5.1-1.4\tC19.9,13.7,15.7,13.3,15.6,13.2z\"\/>\n<\/svg>\t\t<\/div>\n\t\t\t\t\t<div class=\"elementor-container elementor-column-gap-default\">\n\t\t\t\t\t<div class=\"elementor-column elementor-col-100 elementor-top-column elementor-element elementor-element-179f4f4b\" data-id=\"179f4f4b\" data-element_type=\"column\">\n\t\t\t<div class=\"elementor-widget-wrap elementor-element-populated\">\n\t\t\t\t\t\t\t\t<div class=\"elementor-element elementor-element-51d0ee57 elementor-widget elementor-widget-heading\" data-id=\"51d0ee57\" data-element_type=\"widget\" data-widget_type=\"heading.default\">\n\t\t\t\t<div class=\"elementor-widget-container\">\n\t\t\t<h1 class=\"elementor-heading-title elementor-size-default\">O nas<\/h1>\t\t<\/div>\n\t\t\t\t<\/div>\n\t\t\t\t\t<\/div>\n\t\t<\/div>\n\t\t\t\t\t\t\t<\/div>\n\t\t<\/section>\n\t\t\t\t<section class=\"elementor-section elementor-top-section elementor-element elementor-element-41327ce elementor-reverse-tablet elementor-reverse-mobile elementor-section-boxed elementor-section-height-default elementor-section-height-default\" data-id=\"41327ce\" data-element_type=\"section\">\n\t\t\t\t\t\t<div class=\"elementor-container elementor-column-gap-default\">\n\t\t\t\t\t<div class=\"elementor-column elementor-col-50 elementor-top-column elementor-element elementor-element-af67511\" data-id=\"af67511\" data-element_type=\"column\">\n\t\t\t<div class=\"elementor-widget-wrap elementor-element-populated\">\n\t\t\t\t\t\t\t\t<div class=\"elementor-element elementor-element-f2b2163 elementor-widget elementor-widget-heading\" data-id=\"f2b2163\" data-element_type=\"widget\" data-widget_type=\"heading.default\">\n\t\t\t\t<div class=\"elementor-widget-container\">\n\t\t\t<h2 class=\"elementor-heading-title elementor-size-default\">O nas<\/h2>\t\t<\/div>\n\t\t\t\t<\/div>\n\t\t\t\t<div class=\"elementor-element elementor-element-cef9cb2 elementor-widget elementor-widget-text-editor\" data-id=\"cef9cb2\" data-element_type=\"widget\" data-widget_type=\"text-editor.default\">\n\t\t\t\t<div class=\"elementor-widget-container\">\n\t\t\t\t\t\t\t<p>Dru\u017eina, ki ve\u010d generacij ukvarja z turizmom in kmetijstvom.<\/p>\t\t\t\t\t\t<\/div>\n\t\t\t\t<\/div>\n\t\t\t\t<div class=\"elementor-element elementor-element-3bc0d60 elementor-widget elementor-widget-text-editor\" data-id=\"3bc0d60\" data-element_type=\"widget\" data-widget_type=\"text-editor.default\">\n\t\t\t\t<div class=\"elementor-widget-container\">\n\t\t\t\t\t\t\t<p>Stojanova kmetija na blejskem Selu<br \/>Na\u0161a dru\u017eina, gospodar Jo\u017ee, \u017eena Damjana, trije otroci Jaka, Manja in Jani, smo ponosni nasledniki kmetije Mulej, po doma\u010de Stojanove kmetije iz Sela pri Bledu.<\/p><p>Najstarej\u0161i pisni viri omenjajo osem kmetij na Selu pri Bledu v enajstem stoletju, ki so bile podlo\u017ene Radovlji\u0161ki gra\u0161\u010dini. Ker se na podlagi podatkov iz zemlji\u0161kega katastra in dejanskih razmer v vasi da sklepati, da so na\u0161i predniki imeli kmetijo \u017ee takrat, sklepamo, da so to prve pisne omembe na\u0161e kmetije.<\/p><p>Najstarej\u0161i najdeni \u010dlen v verigi rodovnika na\u0161e dru\u017eine s priimkom Mulej, doma\u010dim imenom Stojan in staro hi\u0161no \u0161tevilko Selo 14 je Anton Mulej, rojen daljnega 15.01.1692 o\u010detu Kri\u0161tofu in mati Jeri. Zaradi doma\u010dega imena in hi\u0161ne \u0161tevilke se da z gotovostjo trditi, da je lokacija stare kmetije Mulej od vedno ista, ob cesti v centru vasi. Predniki so imeli vedno mo\u0161ke potomce, tako da se je priimek Mulej pri hi\u0161i ohranil do danes. Pre\u017eivljali so se s kmetovanjem, rejo drobnice in govedorejo, pomemben del je predstavljalo tudi poljedelstvo, saj je \u0161e danes vidno, kje vse so neko\u010d imeli njive za pridelovanje hrane za pre\u017eivetje \u0161tevilne dru\u017eine.<\/p>\t\t\t\t\t\t<\/div>\n\t\t\t\t<\/div>\n\t\t\t\t\t<\/div>\n\t\t<\/div>\n\t\t\t\t<div class=\"elementor-column elementor-col-50 elementor-top-column elementor-element elementor-element-c5ab646\" data-id=\"c5ab646\" data-element_type=\"column\">\n\t\t\t<div class=\"elementor-widget-wrap elementor-element-populated\">\n\t\t\t\t\t\t\t\t<div class=\"elementor-element elementor-element-3495ed9 elementor-hidden-tablet elementor-hidden-phone e-transform elementor-widget elementor-widget-image\" data-id=\"3495ed9\" data-element_type=\"widget\" data-settings=\"{&quot;_transform_rotateZ_effect_hover&quot;:{&quot;unit&quot;:&quot;px&quot;,&quot;size&quot;:1,&quot;sizes&quot;:[]},&quot;_transform_rotateZ_effect_hover_tablet&quot;:{&quot;unit&quot;:&quot;deg&quot;,&quot;size&quot;:&quot;&quot;,&quot;sizes&quot;:[]},&quot;_transform_rotateZ_effect_hover_mobile&quot;:{&quot;unit&quot;:&quot;deg&quot;,&quot;size&quot;:&quot;&quot;,&quot;sizes&quot;:[]}}\" data-widget_type=\"image.default\">\n\t\t\t\t<div class=\"elementor-widget-container\">\n\t\t\t\t\t\t\t\t\t\t\t\t\t\t\t<img decoding=\"async\" width=\"768\" height=\"512\" src=\"https:\/\/mulej-bled.si\/wp-content\/uploads\/2023\/03\/Kmetija-Mulej-71-768x512.jpg\" class=\"attachment-medium_large size-medium_large wp-image-939\" alt=\"\" srcset=\"https:\/\/mulej-bled.si\/wp-content\/uploads\/2023\/03\/Kmetija-Mulej-71-768x512.jpg 768w, https:\/\/mulej-bled.si\/wp-content\/uploads\/2023\/03\/Kmetija-Mulej-71-300x200.jpg 300w, https:\/\/mulej-bled.si\/wp-content\/uploads\/2023\/03\/Kmetija-Mulej-71-1024x683.jpg 1024w, https:\/\/mulej-bled.si\/wp-content\/uploads\/2023\/03\/Kmetija-Mulej-71-1536x1024.jpg 1536w, https:\/\/mulej-bled.si\/wp-content\/uploads\/2023\/03\/Kmetija-Mulej-71-18x12.jpg 18w, https:\/\/mulej-bled.si\/wp-content\/uploads\/2023\/03\/Kmetija-Mulej-71-219x146.jpg 219w, https:\/\/mulej-bled.si\/wp-content\/uploads\/2023\/03\/Kmetija-Mulej-71-50x33.jpg 50w, https:\/\/mulej-bled.si\/wp-content\/uploads\/2023\/03\/Kmetija-Mulej-71-112x75.jpg 112w, https:\/\/mulej-bled.si\/wp-content\/uploads\/2023\/03\/Kmetija-Mulej-71.jpg 1600w\" sizes=\"(max-width: 768px) 100vw, 768px\" \/>\t\t\t\t\t\t\t\t\t\t\t\t\t\t\t<\/div>\n\t\t\t\t<\/div>\n\t\t\t\t\t<\/div>\n\t\t<\/div>\n\t\t\t\t\t\t\t<\/div>\n\t\t<\/section>\n\t\t\t\t<section class=\"elementor-section elementor-top-section elementor-element elementor-element-60964d3 elementor-section-boxed elementor-section-height-default elementor-section-height-default\" data-id=\"60964d3\" data-element_type=\"section\">\n\t\t\t\t\t\t<div class=\"elementor-container elementor-column-gap-default\">\n\t\t\t\t\t<div class=\"elementor-column elementor-col-100 elementor-top-column elementor-element elementor-element-35e85ea\" data-id=\"35e85ea\" data-element_type=\"column\">\n\t\t\t<div class=\"elementor-widget-wrap elementor-element-populated\">\n\t\t\t\t\t\t\t\t<div class=\"elementor-element elementor-element-6eb56f7 elementor-widget elementor-widget-text-editor\" data-id=\"6eb56f7\" data-element_type=\"widget\" data-widget_type=\"text-editor.default\">\n\t\t\t\t<div class=\"elementor-widget-container\">\n\t\t\t\t\t\t\t<p>Od prednikov je ve\u010d znanega o Bartol\/Jerneju Mulej roj. 18.8.1821. Njemu je prva \u017eena, s katero je imel pet otrok, umrla. Ponovno se je poro\u010dil in z drugo \u017eeno imel deset otrok. Skupaj torej petnajst. Usoda je bila kruta, saj je utonil v blejskem jezeru 9.10.1887. Ustni viri poro\u010dajo, da se je zameril nepravim ljudem. Na\u0161li so ga \u0161ele \u010dez \u0161est tednov, ko je priplaval na povr\u0161je. On je bil tudi zadnji, ki je poznal skrivnost dvojnih podov v na\u0161ih lesenih skrinjah. Skrivnost je razkril moj o\u010de Janez Mulej 2.1.1981. Med novoletnimi prazniki je \u010distil lesene skrinje, ki so jih neko\u010d uporabljali za doto in shranjevanje raznih uporabnih re\u010di, pred razkritjem skrivnosti pa smo v njih imeli shranjeno \u017eito. Takrat je pri \u010di\u0161\u010denju malega predala skrinje, name\u0161\u010denega v levi zgornji kot, odkril, da ima ta predal nenavadno debelo dno. Kmalu je na spodnji, o\u010dem nevidni strani, odkril lesen jezi\u010dek, ki je prepre\u010deval odprtje dvojnega dna. Ko je pritisnil ta jezi\u010dek, se je dvojno dno z lahkoto odprlo in v njem je na svoje veliko presene\u010denje zagledal v razpadel \u010dasopisni papir zavite in lepo sortirane avstroogrske srebrnike. Vseh skupaj je bilo 62 srebnikov, narejenih med leti 1661 in 1765.<\/p><p>Letnice na srebrnikih dokazujejo, da je denar zbiralo ve\u010d generacij prednikov, ki so \u017eiveli pod razli\u010dnimi Avstroogrskimi vladarji. O\u010de je svojo najdbo ponosno shranil in je sedaj na ogled na\u0161im gostom. Raziskovalna \u017eilica mu ni dala miru, zato je pregledal \u0161e ostale lesene skrinje in v eni od njih je res odkril, da ima enako dvojno dno, kot tista, v kateri je na\u0161el denar. Ni si mogel predstavljati, da bi lahko v njem kaj na\u0161el, a zgodilo se je ravno to. V dvojnem dnu je na\u0161el v staro potrdilo o pla\u010dilu davkov, pisano v nem\u0161ki gotici, zavit Kratek katekizem v sloven\u0161\u010dini iz leta 1838 in knji\u017eico Kolera iz leta 1831 z navodili, kako se lahko preprosti ljudje sebe in svoje ljudi te stra\u0161ne bolezni obvarujejo.<\/p><p>Najdbi sta neverjetni in jih varujemo kot najve\u010djo svetinjo za na\u0161e naslednike. Poka\u017eemo jih res le ljudem, ki poka\u017eejo poseben interes.Naslednji gospodar na na\u0161i kmetiji je bil Jo\u017eef Mulej, rojen 8.2.1859. On se je izu\u010dil za kamnoseka in ni bil samo kmet. Moral je biti posebno delaven, saj nam je zapustil veliko svojih izdelkov. Dve kamniti mizi je moj o\u010de leta 1980 leta vgradil po prenovi na\u0161e hi\u0161e v vasi pred vhod, kjer koristita svojemu namenu. Izdelal pa je tudi ogromno \u0161tevilo mejnih kamnov, ki \u0161e danes ozna\u010dujejo meje na\u0161ih gozdov. \u017divel je namre\u010d ravno v obdobju zemlji\u0161ke odveze, ko je cesarica Marija Terezija razdelila zemljo kmetom na podlagi velikosti hleva, ki ga je imel posamezni kmet. \u017dal na\u0161 hlev takrat ni bil med najve\u010djimi v Selu in smo zaradi tega dobili v last le 10 ha zemlje. S ponosom pa lahko trdim, da so bili \u017ee na\u0161i predniki po\u0161teni in delavni ljudje, saj moj praded, kljub temu, da je postavljal mejne kamne, ni delal nepo\u0161teno v svojo korist. Zanimivo je tudi to, da je Jo\u017eef na mejne kamne po gozdovih vklesal svoje za\u010detnice. Od takrat naprej je ve\u010dina mo\u0161kih potomcev imela imena na J, tako da sta se za\u010detnici naslednika ujemali z JM, kot je navedeno na kamnih.<\/p><p>Moj ded, Janez Mulej, rojen 3.9.1893, je bil naslednji gospodar na na\u0161i kmetiji. V svojem \u017eivljenju je pre\u017eivel veliko te\u017ekih preizku\u0161enj. Celih sedem let je pre\u017eivel v vojski. Najprej se je boril v prvi svetovni vojni v Galiciji in na So\u0161ki fronti. Tam je bil tudi ve\u010dkrat odlikovan. Dobil je dve medalji za hrabrost, malo srebrno medaljo za zasluge in veliko srebrno medaljo za hrabrost. Ta zadnja je bila prava redkost med slovenskimi vojaki in jo je pokazal s posebnim ponosom. Po prvi svetovni vojni je bil doma le malo \u010dasa, ko je \u017ee moral z Majstrovimi borci branit Slovensko Koro\u0161ko. Po tej preizku\u0161nji brez pravega razpleta za Slovenijo, je moral \u0161e v redno slu\u017eenje v jugoslovansko vojsko. Sedem let voja\u0161\u010dine je bilo resni\u010dno preve\u010d. Svoje tri sinove je zato na vsak na\u010din hotel obvarovati tak\u0161ne izku\u0161nje in je zaradi svojih izku\u0161enj v drugi vojni hotel prekrmariti skozi vojno vihro kot nevtralen. Trpela je kmetija, saj je hrano dajal obema stranema. S svojo modrostjo in preudarnostjo je bil spo\u0161tovan va\u0161\u010dan. Pred drugo svetovno vojno je postavil nov hlev, katerega skelet in ostre\u0161je slu\u017ei namenu \u0161e danes, temeljito pa je obnovil tudi hi\u0161o. Ko je svojemu sinu, mojemu o\u010detu Janezu, rojenem 13.9.1932, prepu\u0161\u010dal kmetijo, je s ponosom rekel, da mu prepu\u0161\u010da urejeno kmetijo brez bremen, v katero ne bo treba veliko vlagati. To je bila za tiste \u010dase okrog leta 1960 resnica, vendar se je takrat \u0161e za\u010denjal silovit tehnolo\u0161ki razvoj, ki ni zaob\u0161el niti socialisti\u010dnega kmetijstva. Moj o\u010de je bil med najnaprednej\u0161imi kmeti, zgledoval se je po konkurenci v Nem\u010diji in Avstriji, kar v svin\u010denih socialisti\u010dnih \u010dasih marsikomu ni bilo pogodu. Prvi je uvozil motorno kosilnico, traktor, uvedel re\u0161etkasta tla v hlev in su\u0161ilno napravo na skednju. To je za sabo vleklo nenehna vlaganja in gradnjo. Leta 1979 je dvignil staro hi\u0161o v vasi za dve eta\u017ei in tako pridobil prostor, da smo se lahko pri\u010deli ukvarjati s kme\u010dkim turizmom. To je postala naslednja prelomnica v razvoju kmetije.<br \/>Ko sva z \u017eeno Damjano leta 1996 prevzela kmetijo, se je bilo treba odlo\u010diti, kako naprej.<\/p><p>Po temeljitem premisleku nama je postalo jasno, da pravih razvojnih mo\u017enosti kmetija na zelo prostorsko omejenem mestu v vasi nima prihodnosti. Tehnologija, obseg in vse kar sodi zraven, mora biti ob napredku in zve\u010danju produktivnosti, druga\u010dna, kot pred sto leti. Zaradi tega smo kmetijo v letu 1999 prestavili izven vasi, v letu 2004 na novi lokaciji postavili \u0161e hi\u0161o za na\u0161o dru\u017eino in za turizem, in sedaj imamo lepe mo\u017enosti, da bomo v bodo\u010de tako v kmetijski kot v turisti\u010dni panogi uspe\u0161ni.<\/p>\t\t\t\t\t\t<\/div>\n\t\t\t\t<\/div>\n\t\t\t\t\t<\/div>\n\t\t<\/div>\n\t\t\t\t\t\t\t<\/div>\n\t\t<\/section>\n\t\t\t\t\t\t\t<\/div>\n\t\t","protected":false},"excerpt":{"rendered":"<p>O nas Dru\u017eina, ki ve\u010d generacij ukvarja z turizmom in kmetijstvom. Stojanova kmetija na blejskem SeluNa\u0161a dru\u017eina, gospodar Jo\u017ee, \u017eena Damjana, trije otroci Jaka, Manja in<span class=\"excerpt-hellip\"> [\u2026]<\/span><\/p>\n","protected":false},"author":1,"featured_media":0,"parent":0,"menu_order":4,"comment_status":"closed","ping_status":"closed","template":"elementor_theme","meta":{"footnotes":""},"class_list":["post-1930","page","type-page","status-publish","hentry"],"yoast_head":"<!-- This site is optimized with the Yoast SEO plugin v24.3 - https:\/\/yoast.com\/wordpress\/plugins\/seo\/ -->\n<title>O nas - Mulej<\/title>\n<meta name=\"robots\" content=\"index, follow, max-snippet:-1, max-image-preview:large, max-video-preview:-1\" \/>\n<link rel=\"canonical\" href=\"https:\/\/mulej-bled.si\/sl\/o-nas\/\" \/>\n<meta property=\"og:locale\" content=\"sl_SI\" \/>\n<meta property=\"og:type\" content=\"article\" \/>\n<meta property=\"og:title\" content=\"O nas - Mulej\" \/>\n<meta property=\"og:description\" content=\"O nas Dru\u017eina, ki ve\u010d generacij ukvarja z turizmom in kmetijstvom. Stojanova kmetija na blejskem SeluNa\u0161a dru\u017eina, gospodar Jo\u017ee, \u017eena Damjana, trije otroci Jaka, Manja in [\u2026]\" \/>\n<meta property=\"og:url\" content=\"https:\/\/mulej-bled.si\/sl\/o-nas\/\" \/>\n<meta property=\"og:site_name\" content=\"Mulej\" \/>\n<meta property=\"article:modified_time\" content=\"2023-03-30T13:49:30+00:00\" \/>\n<meta property=\"og:image\" content=\"https:\/\/mulej-bled.si\/wp-content\/uploads\/2023\/03\/Kmetija-Mulej-71-768x512.jpg\" \/>\n<meta name=\"twitter:card\" content=\"summary_large_image\" \/>\n<meta name=\"twitter:label1\" content=\"Est. reading time\" \/>\n\t<meta name=\"twitter:data1\" content=\"7 minut\" \/>\n<script type=\"application\/ld+json\" class=\"yoast-schema-graph\">{\"@context\":\"https:\/\/schema.org\",\"@graph\":[{\"@type\":\"WebPage\",\"@id\":\"https:\/\/mulej-bled.si\/o-nas\/\",\"url\":\"https:\/\/mulej-bled.si\/o-nas\/\",\"name\":\"O nas - Mulej\",\"isPartOf\":{\"@id\":\"https:\/\/mulej-bled.si\/#website\"},\"primaryImageOfPage\":{\"@id\":\"https:\/\/mulej-bled.si\/o-nas\/#primaryimage\"},\"image\":{\"@id\":\"https:\/\/mulej-bled.si\/o-nas\/#primaryimage\"},\"thumbnailUrl\":\"https:\/\/mulej-bled.si\/wp-content\/uploads\/2023\/03\/Kmetija-Mulej-71-768x512.jpg\",\"datePublished\":\"2023-03-30T12:14:01+00:00\",\"dateModified\":\"2023-03-30T13:49:30+00:00\",\"breadcrumb\":{\"@id\":\"https:\/\/mulej-bled.si\/o-nas\/#breadcrumb\"},\"inLanguage\":\"sl-SI\",\"potentialAction\":[{\"@type\":\"ReadAction\",\"target\":[\"https:\/\/mulej-bled.si\/o-nas\/\"]}]},{\"@type\":\"ImageObject\",\"inLanguage\":\"sl-SI\",\"@id\":\"https:\/\/mulej-bled.si\/o-nas\/#primaryimage\",\"url\":\"https:\/\/mulej-bled.si\/wp-content\/uploads\/2023\/03\/Kmetija-Mulej-71-768x512.jpg\",\"contentUrl\":\"https:\/\/mulej-bled.si\/wp-content\/uploads\/2023\/03\/Kmetija-Mulej-71-768x512.jpg\"},{\"@type\":\"BreadcrumbList\",\"@id\":\"https:\/\/mulej-bled.si\/o-nas\/#breadcrumb\",\"itemListElement\":[{\"@type\":\"ListItem\",\"position\":1,\"name\":\"Home\",\"item\":\"https:\/\/mulej-bled.si\/\"},{\"@type\":\"ListItem\",\"position\":2,\"name\":\"O nas\"}]},{\"@type\":\"WebSite\",\"@id\":\"https:\/\/mulej-bled.si\/#website\",\"url\":\"https:\/\/mulej-bled.si\/\",\"name\":\"Mulej\",\"description\":\"\",\"publisher\":{\"@id\":\"https:\/\/mulej-bled.si\/#organization\"},\"potentialAction\":[{\"@type\":\"SearchAction\",\"target\":{\"@type\":\"EntryPoint\",\"urlTemplate\":\"https:\/\/mulej-bled.si\/?s={search_term_string}\"},\"query-input\":{\"@type\":\"PropertyValueSpecification\",\"valueRequired\":true,\"valueName\":\"search_term_string\"}}],\"inLanguage\":\"sl-SI\"},{\"@type\":\"Organization\",\"@id\":\"https:\/\/mulej-bled.si\/#organization\",\"name\":\"Mulej\",\"url\":\"https:\/\/mulej-bled.si\/\",\"logo\":{\"@type\":\"ImageObject\",\"inLanguage\":\"sl-SI\",\"@id\":\"https:\/\/mulej-bled.si\/#\/schema\/logo\/image\/\",\"url\":\"https:\/\/mulej-bled.si\/wp-content\/uploads\/2023\/03\/kmetija-mulej-250.png\",\"contentUrl\":\"https:\/\/mulej-bled.si\/wp-content\/uploads\/2023\/03\/kmetija-mulej-250.png\",\"width\":250,\"height\":277,\"caption\":\"Mulej\"},\"image\":{\"@id\":\"https:\/\/mulej-bled.si\/#\/schema\/logo\/image\/\"}}]}<\/script>\n<!-- \/ Yoast SEO plugin. -->","yoast_head_json":{"title":"O nas - Mulej","robots":{"index":"index","follow":"follow","max-snippet":"max-snippet:-1","max-image-preview":"max-image-preview:large","max-video-preview":"max-video-preview:-1"},"canonical":"https:\/\/mulej-bled.si\/sl\/o-nas\/","og_locale":"sl_SI","og_type":"article","og_title":"O nas - Mulej","og_description":"O nas Dru\u017eina, ki ve\u010d generacij ukvarja z turizmom in kmetijstvom. Stojanova kmetija na blejskem SeluNa\u0161a dru\u017eina, gospodar Jo\u017ee, \u017eena Damjana, trije otroci Jaka, Manja in [\u2026]","og_url":"https:\/\/mulej-bled.si\/sl\/o-nas\/","og_site_name":"Mulej","article_modified_time":"2023-03-30T13:49:30+00:00","og_image":[{"url":"https:\/\/mulej-bled.si\/wp-content\/uploads\/2023\/03\/Kmetija-Mulej-71-768x512.jpg","type":"","width":"","height":""}],"twitter_card":"summary_large_image","twitter_misc":{"Est. reading time":"7 minut"},"schema":{"@context":"https:\/\/schema.org","@graph":[{"@type":"WebPage","@id":"https:\/\/mulej-bled.si\/o-nas\/","url":"https:\/\/mulej-bled.si\/o-nas\/","name":"O nas - Mulej","isPartOf":{"@id":"https:\/\/mulej-bled.si\/#website"},"primaryImageOfPage":{"@id":"https:\/\/mulej-bled.si\/o-nas\/#primaryimage"},"image":{"@id":"https:\/\/mulej-bled.si\/o-nas\/#primaryimage"},"thumbnailUrl":"https:\/\/mulej-bled.si\/wp-content\/uploads\/2023\/03\/Kmetija-Mulej-71-768x512.jpg","datePublished":"2023-03-30T12:14:01+00:00","dateModified":"2023-03-30T13:49:30+00:00","breadcrumb":{"@id":"https:\/\/mulej-bled.si\/o-nas\/#breadcrumb"},"inLanguage":"sl-SI","potentialAction":[{"@type":"ReadAction","target":["https:\/\/mulej-bled.si\/o-nas\/"]}]},{"@type":"ImageObject","inLanguage":"sl-SI","@id":"https:\/\/mulej-bled.si\/o-nas\/#primaryimage","url":"https:\/\/mulej-bled.si\/wp-content\/uploads\/2023\/03\/Kmetija-Mulej-71-768x512.jpg","contentUrl":"https:\/\/mulej-bled.si\/wp-content\/uploads\/2023\/03\/Kmetija-Mulej-71-768x512.jpg"},{"@type":"BreadcrumbList","@id":"https:\/\/mulej-bled.si\/o-nas\/#breadcrumb","itemListElement":[{"@type":"ListItem","position":1,"name":"Home","item":"https:\/\/mulej-bled.si\/"},{"@type":"ListItem","position":2,"name":"O nas"}]},{"@type":"WebSite","@id":"https:\/\/mulej-bled.si\/#website","url":"https:\/\/mulej-bled.si\/","name":"Mulej","description":"","publisher":{"@id":"https:\/\/mulej-bled.si\/#organization"},"potentialAction":[{"@type":"SearchAction","target":{"@type":"EntryPoint","urlTemplate":"https:\/\/mulej-bled.si\/?s={search_term_string}"},"query-input":{"@type":"PropertyValueSpecification","valueRequired":true,"valueName":"search_term_string"}}],"inLanguage":"sl-SI"},{"@type":"Organization","@id":"https:\/\/mulej-bled.si\/#organization","name":"Mulej","url":"https:\/\/mulej-bled.si\/","logo":{"@type":"ImageObject","inLanguage":"sl-SI","@id":"https:\/\/mulej-bled.si\/#\/schema\/logo\/image\/","url":"https:\/\/mulej-bled.si\/wp-content\/uploads\/2023\/03\/kmetija-mulej-250.png","contentUrl":"https:\/\/mulej-bled.si\/wp-content\/uploads\/2023\/03\/kmetija-mulej-250.png","width":250,"height":277,"caption":"Mulej"},"image":{"@id":"https:\/\/mulej-bled.si\/#\/schema\/logo\/image\/"}}]}},"_links":{"self":[{"href":"https:\/\/mulej-bled.si\/sl\/wp-json\/wp\/v2\/pages\/1930","targetHints":{"allow":["GET"]}}],"collection":[{"href":"https:\/\/mulej-bled.si\/sl\/wp-json\/wp\/v2\/pages"}],"about":[{"href":"https:\/\/mulej-bled.si\/sl\/wp-json\/wp\/v2\/types\/page"}],"author":[{"embeddable":true,"href":"https:\/\/mulej-bled.si\/sl\/wp-json\/wp\/v2\/users\/1"}],"replies":[{"embeddable":true,"href":"https:\/\/mulej-bled.si\/sl\/wp-json\/wp\/v2\/comments?post=1930"}],"version-history":[{"count":16,"href":"https:\/\/mulej-bled.si\/sl\/wp-json\/wp\/v2\/pages\/1930\/revisions"}],"predecessor-version":[{"id":2068,"href":"https:\/\/mulej-bled.si\/sl\/wp-json\/wp\/v2\/pages\/1930\/revisions\/2068"}],"wp:attachment":[{"href":"https:\/\/mulej-bled.si\/sl\/wp-json\/wp\/v2\/media?parent=1930"}],"curies":[{"name":"wp","href":"https:\/\/api.w.org\/{rel}","templated":true}]}}