{"id":3,"date":"2020-09-29T14:53:13","date_gmt":"2020-09-29T14:53:13","guid":{"rendered":"https:\/\/themes.muffingroup.com\/be\/travel2\/?page_id=3"},"modified":"2021-05-09T16:49:59","modified_gmt":"2021-05-09T16:49:59","slug":"politika-zasebnosti","status":"publish","type":"page","link":"https:\/\/mulej-bled.si\/sl\/politika-zasebnosti\/","title":{"rendered":"Politika zasebnosti"},"content":{"rendered":"\r\n<h3 class=\"wp-block-heading\">Katere va\u0161e informacije zbiramo?<\/h3>\r\n<div class=\"content\">Za potrebe realizacije spletne rezervacije se shranijo kontaktni podatki in podatki o nosilcu rezervacije ali gostu.<\/div>\r\n<h3>Za kaj uporabljamo va\u0161e podatke?<\/h3>\r\n<div class=\"content\">Va\u0161e podatke lahko uporabimo za odgovarjanje na vpra\u0161anja oz. realizacijo poslane rezervacije ali povpra\u0161evanja. Va\u0161i podatki se ne bodo prodajali, zamenjali, prena\u0161ali ali dali kateri koli drugi dru\u017ebi iz kakr\u0161nega koli razloga.<\/div>\r\n<h3>Kako varujemo va\u0161e podatke?<\/h3>\r\n<div class=\"content\">\r\n<p>Va\u0161i podatki vezani na rezervacijo so za potrebe izvedbe le-te shranjeni v rezervacijskem sistemu, ki ga uporabljamo za vodenje rezervacij (ponudnik sistema je podjetje INTERSPLET d.o.o.).<br>Dostop do podatkov imajo samo osebe zaposlene v podjetju in imajo za to dodeljene pravice (recepcija, podpora).<br>Vsi podatki med spletno stranjo in rezervacijskim sistemom se prena\u0161ajo po varni HTTPS povezavi.<\/p>\r\n<p>Spletna pla\u010dila in druge transakcije se izvajajo na spletnih straneh ponudnika storitve (npr. banke, PayPal) in se ne obdelujejo ali shranjujejo pri nas.<\/p>\r\n<\/div>\r\n<h3>Ali uprabljamo pi\u0161kotke?<\/h3>\r\n<div class=\"content\">\r\n<p>Da. Pi\u0161kotki so majhne datoteke, ki jih shranimo na trdi disk va\u0161ega ra\u010dunalnika prek spletnega brskalnika (\u010de dovoljujete), kar na\u0161emu sistemu omogo\u010da, da prepozna va\u0161 brskalnik in zajame ter zapomni dolo\u010dene informacije.<\/p>\r\n<p>Uporabljamo tudi pi\u0161kotke, ki nam pomagajo sestaviti skupne podatke o prometu spletnega mesta in interakciji na spletnem mestu, tako da bomo v prihodnosti lahko ponudili bolj\u0161e izku\u0161nje in orodja na spletnem mestu.<\/p>\r\n<p>\u010ce onemogo\u010dite pi\u0161kotke, bodo nekatere funkcije onemogo\u010dene. Onemogo\u010dene bodo nekatere funkcionalnosti, ki omogo\u010dajo, da so servisne izku\u0161nje u\u010dinkovitej\u0161e. Nekatere na\u0161e storitve ne bodo delovale pravilno.<\/p>\r\n<p>Ve\u010d o pi\u0161kotkih:&nbsp;<a href=\"https:\/\/mulej-bled.si\/piskotki\/\">PI\u0160KOTKI<\/a><\/p>\r\n<\/div>\r\n<h3>Razkritje tretjim osebam<\/h3>\r\n<div class=\"content\">Va\u0161ih osebnih podatkov ne prodajamo, ne trgujemo z njimi ali jih kako druga\u010de prene\u0161amo zunanjim osebam.<\/div>\r\n<h3>Povezave tretjih oseb<\/h3>\r\n<div class=\"content\">Na spletni strani lahko vklju\u010dujemo ali ponudimo produkte ali storitve tretjih oseb. Te spletne strani tretjih oseb imajo lo\u010dene in neodvisne politike zasebnosti. Iz tega razloga nismo odgovorni za vsebino in dejavnosti teh povezanih spletnih mest. Kljub temu si prizadevamo za\u0161\u010dititi integriteto na\u0161e strani, zato so kakr\u0161ne koli povratne informacije o teh spletnih straneh dobrodo\u0161le.<\/div>\r\n<h3>Spremembe na\u0161ega pravilnika zasebnosti<\/h3>\r\n<div class=\"content\">\u010ce se odlo\u010dimo za spremembo na\u0161e politike zasebnosti, bomo te spremembe objavili na tej strani.<\/div>\r\n<h3>Kontakt z nami<\/h3>\r\n<div class=\"content\">\u010ce imate kakr\u0161na koli vpra\u0161anja o tem pravilniku zasebnosti, se obrnite na nas preko kontaktne strani ali objavljenih kontaktov.<\/div>\r\n","protected":false},"excerpt":{"rendered":"<p>Katere va\u0161e informacije zbiramo? Za potrebe realizacije spletne rezervacije se shranijo kontaktni podatki in podatki o nosilcu rezervacije ali gostu. Za kaj uporabljamo va\u0161e podatke? Va\u0161e<span class=\"excerpt-hellip\"> [\u2026]<\/span><\/p>\n","protected":false},"author":1,"featured_media":0,"parent":0,"menu_order":6,"comment_status":"closed","ping_status":"open","template":"","meta":{"footnotes":""},"class_list":["post-3","page","type-page","status-publish","hentry"],"yoast_head":"<!-- This site is optimized with the Yoast SEO plugin v24.3 - https:\/\/yoast.com\/wordpress\/plugins\/seo\/ -->\n<title>Politika zasebnosti - Mulej<\/title>\n<meta name=\"robots\" content=\"index, follow, max-snippet:-1, max-image-preview:large, max-video-preview:-1\" \/>\n<link rel=\"canonical\" href=\"https:\/\/mulej-bled.si\/sl\/politika-zasebnosti\/\" \/>\n<meta property=\"og:locale\" content=\"sl_SI\" \/>\n<meta property=\"og:type\" content=\"article\" \/>\n<meta property=\"og:title\" content=\"Politika zasebnosti - Mulej\" \/>\n<meta property=\"og:description\" content=\"Katere va\u0161e informacije zbiramo? Za potrebe realizacije spletne rezervacije se shranijo kontaktni podatki in podatki o nosilcu rezervacije ali gostu. Za kaj uporabljamo va\u0161e podatke? Va\u0161e [\u2026]\" \/>\n<meta property=\"og:url\" content=\"https:\/\/mulej-bled.si\/sl\/politika-zasebnosti\/\" \/>\n<meta property=\"og:site_name\" content=\"Mulej\" \/>\n<meta property=\"article:modified_time\" content=\"2021-05-09T16:49:59+00:00\" \/>\n<meta name=\"twitter:card\" content=\"summary_large_image\" \/>\n<meta name=\"twitter:label1\" content=\"Est. reading time\" \/>\n\t<meta name=\"twitter:data1\" content=\"2 minuti\" \/>\n<script type=\"application\/ld+json\" class=\"yoast-schema-graph\">{\"@context\":\"https:\/\/schema.org\",\"@graph\":[{\"@type\":\"WebPage\",\"@id\":\"https:\/\/mulej-bled.si\/politika-zasebnosti\/\",\"url\":\"https:\/\/mulej-bled.si\/politika-zasebnosti\/\",\"name\":\"Politika zasebnosti - Mulej\",\"isPartOf\":{\"@id\":\"https:\/\/mulej-bled.si\/#website\"},\"datePublished\":\"2020-09-29T14:53:13+00:00\",\"dateModified\":\"2021-05-09T16:49:59+00:00\",\"breadcrumb\":{\"@id\":\"https:\/\/mulej-bled.si\/politika-zasebnosti\/#breadcrumb\"},\"inLanguage\":\"sl-SI\",\"potentialAction\":[{\"@type\":\"ReadAction\",\"target\":[\"https:\/\/mulej-bled.si\/politika-zasebnosti\/\"]}]},{\"@type\":\"BreadcrumbList\",\"@id\":\"https:\/\/mulej-bled.si\/politika-zasebnosti\/#breadcrumb\",\"itemListElement\":[{\"@type\":\"ListItem\",\"position\":1,\"name\":\"Home\",\"item\":\"https:\/\/mulej-bled.si\/\"},{\"@type\":\"ListItem\",\"position\":2,\"name\":\"Politika zasebnosti\"}]},{\"@type\":\"WebSite\",\"@id\":\"https:\/\/mulej-bled.si\/#website\",\"url\":\"https:\/\/mulej-bled.si\/\",\"name\":\"Mulej\",\"description\":\"\",\"publisher\":{\"@id\":\"https:\/\/mulej-bled.si\/#organization\"},\"potentialAction\":[{\"@type\":\"SearchAction\",\"target\":{\"@type\":\"EntryPoint\",\"urlTemplate\":\"https:\/\/mulej-bled.si\/?s={search_term_string}\"},\"query-input\":{\"@type\":\"PropertyValueSpecification\",\"valueRequired\":true,\"valueName\":\"search_term_string\"}}],\"inLanguage\":\"sl-SI\"},{\"@type\":\"Organization\",\"@id\":\"https:\/\/mulej-bled.si\/#organization\",\"name\":\"Mulej\",\"url\":\"https:\/\/mulej-bled.si\/\",\"logo\":{\"@type\":\"ImageObject\",\"inLanguage\":\"sl-SI\",\"@id\":\"https:\/\/mulej-bled.si\/#\/schema\/logo\/image\/\",\"url\":\"https:\/\/mulej-bled.si\/wp-content\/uploads\/2023\/03\/kmetija-mulej-250.png\",\"contentUrl\":\"https:\/\/mulej-bled.si\/wp-content\/uploads\/2023\/03\/kmetija-mulej-250.png\",\"width\":250,\"height\":277,\"caption\":\"Mulej\"},\"image\":{\"@id\":\"https:\/\/mulej-bled.si\/#\/schema\/logo\/image\/\"}}]}<\/script>\n<!-- \/ Yoast SEO plugin. -->","yoast_head_json":{"title":"Politika zasebnosti - Mulej","robots":{"index":"index","follow":"follow","max-snippet":"max-snippet:-1","max-image-preview":"max-image-preview:large","max-video-preview":"max-video-preview:-1"},"canonical":"https:\/\/mulej-bled.si\/sl\/politika-zasebnosti\/","og_locale":"sl_SI","og_type":"article","og_title":"Politika zasebnosti - Mulej","og_description":"Katere va\u0161e informacije zbiramo? Za potrebe realizacije spletne rezervacije se shranijo kontaktni podatki in podatki o nosilcu rezervacije ali gostu. Za kaj uporabljamo va\u0161e podatke? Va\u0161e [\u2026]","og_url":"https:\/\/mulej-bled.si\/sl\/politika-zasebnosti\/","og_site_name":"Mulej","article_modified_time":"2021-05-09T16:49:59+00:00","twitter_card":"summary_large_image","twitter_misc":{"Est. reading time":"2 minuti"},"schema":{"@context":"https:\/\/schema.org","@graph":[{"@type":"WebPage","@id":"https:\/\/mulej-bled.si\/politika-zasebnosti\/","url":"https:\/\/mulej-bled.si\/politika-zasebnosti\/","name":"Politika zasebnosti - Mulej","isPartOf":{"@id":"https:\/\/mulej-bled.si\/#website"},"datePublished":"2020-09-29T14:53:13+00:00","dateModified":"2021-05-09T16:49:59+00:00","breadcrumb":{"@id":"https:\/\/mulej-bled.si\/politika-zasebnosti\/#breadcrumb"},"inLanguage":"sl-SI","potentialAction":[{"@type":"ReadAction","target":["https:\/\/mulej-bled.si\/politika-zasebnosti\/"]}]},{"@type":"BreadcrumbList","@id":"https:\/\/mulej-bled.si\/politika-zasebnosti\/#breadcrumb","itemListElement":[{"@type":"ListItem","position":1,"name":"Home","item":"https:\/\/mulej-bled.si\/"},{"@type":"ListItem","position":2,"name":"Politika zasebnosti"}]},{"@type":"WebSite","@id":"https:\/\/mulej-bled.si\/#website","url":"https:\/\/mulej-bled.si\/","name":"Mulej","description":"","publisher":{"@id":"https:\/\/mulej-bled.si\/#organization"},"potentialAction":[{"@type":"SearchAction","target":{"@type":"EntryPoint","urlTemplate":"https:\/\/mulej-bled.si\/?s={search_term_string}"},"query-input":{"@type":"PropertyValueSpecification","valueRequired":true,"valueName":"search_term_string"}}],"inLanguage":"sl-SI"},{"@type":"Organization","@id":"https:\/\/mulej-bled.si\/#organization","name":"Mulej","url":"https:\/\/mulej-bled.si\/","logo":{"@type":"ImageObject","inLanguage":"sl-SI","@id":"https:\/\/mulej-bled.si\/#\/schema\/logo\/image\/","url":"https:\/\/mulej-bled.si\/wp-content\/uploads\/2023\/03\/kmetija-mulej-250.png","contentUrl":"https:\/\/mulej-bled.si\/wp-content\/uploads\/2023\/03\/kmetija-mulej-250.png","width":250,"height":277,"caption":"Mulej"},"image":{"@id":"https:\/\/mulej-bled.si\/#\/schema\/logo\/image\/"}}]}},"_links":{"self":[{"href":"https:\/\/mulej-bled.si\/sl\/wp-json\/wp\/v2\/pages\/3","targetHints":{"allow":["GET"]}}],"collection":[{"href":"https:\/\/mulej-bled.si\/sl\/wp-json\/wp\/v2\/pages"}],"about":[{"href":"https:\/\/mulej-bled.si\/sl\/wp-json\/wp\/v2\/types\/page"}],"author":[{"embeddable":true,"href":"https:\/\/mulej-bled.si\/sl\/wp-json\/wp\/v2\/users\/1"}],"replies":[{"embeddable":true,"href":"https:\/\/mulej-bled.si\/sl\/wp-json\/wp\/v2\/comments?post=3"}],"version-history":[{"count":1,"href":"https:\/\/mulej-bled.si\/sl\/wp-json\/wp\/v2\/pages\/3\/revisions"}],"predecessor-version":[{"id":595,"href":"https:\/\/mulej-bled.si\/sl\/wp-json\/wp\/v2\/pages\/3\/revisions\/595"}],"wp:attachment":[{"href":"https:\/\/mulej-bled.si\/sl\/wp-json\/wp\/v2\/media?parent=3"}],"curies":[{"name":"wp","href":"https:\/\/api.w.org\/{rel}","templated":true}]}}