{"id":683,"date":"2021-05-12T16:52:13","date_gmt":"2021-05-12T16:52:13","guid":{"rendered":"https:\/\/mulej-bled.si\/?page_id=683"},"modified":"2021-05-12T16:52:13","modified_gmt":"2021-05-12T16:52:13","slug":"piskotki","status":"publish","type":"page","link":"https:\/\/mulej-bled.si\/sl\/piskotki\/","title":{"rendered":"Pi\u0161kotki"},"content":{"rendered":"<section class=\"wpb-content-wrapper\"><div class=\"vc_row wpb_row vc_row-fluid\"><div class=\"wpb_column vc_column_container vc_col-sm-12\"><div class=\"vc_column-inner\"><div class=\"wpb_wrapper\">\n\t<div class=\"wpb_text_column wpb_content_element \" >\n\t\t<div class=\"wpb_wrapper\">\n\t\t\t<div class=\"wpb_text_column wpb_content_element \">\n<div class=\"wpb_wrapper\">\n<h3>O pi\u0161kotkih<\/h3>\n<div class=\"content\">Pi\u0161kotke imamo vsi obiskovalci spletnih strani na svojih ra\u010dunalnikih, tablicah in mobilnih telefonoh shranjenih \u017ee veliko. Z novo zakonodajo (ZEKom-1) prihaja do sprememb glede obve\u0161\u010danja oz. sogla\u0161anja obiskovalcev z njihovo uporabo.<\/div>\n<h3>Kaj so pi\u0161kotki<\/h3>\n<div class=\"content\">Pi\u0161kotki v ra\u010dunalni\u0161tvu in v okviru interneta so male besedilne datoteke, ki jih ve\u010dina spletnih mest shrani v naprave, s katerimi uporabniki dostopajo do interneta z namenom prepoznavanja posameznih naprav, ki so jih uporabniki uporabili pri dostopu. Njihovo shranjevanje je pod popolnim nadzorom brskalnika, ki ga ima uporabnik \u2013 ta lahko shranjevanje pi\u0161kotkov po \u017eelji omeji ali onemogo\u010di.<\/div>\n<h3>Zakaj so potrebni?<\/h3>\n<div class=\"content\">\n<p>Pi\u0161kotki so temeljnega pomena za zagotavljanje uporabniku prijaznih spletnih storitev. Interakcija med spletnim uporabnikom in spletnim mestom je s pomo\u010djo pi\u0161kotkov hitrej\u0161a in enostavnej\u0161a. Z njihovo pomo\u010djo si spletno mesto zapomni posameznikove preference in izku\u0161nje, s tem je prihranjen \u010das, brskanje po spletnih mestih pa bolj u\u010dinkovito in prijazno. Nekaj konkretnih primerov uporabe pi\u0161kotkov:<\/p>\n<ul>\n<li>za bolj\u0161o uporabni\u0161ko izku\u0161njo spletne strani obiskovalcem prilagodimo prikaz vsebine glede na pretekle obiske<\/li>\n<li>za shranjevanje izbire pri ustvarjanju o\u017ejega izbora naprav in ponudbe ter njihove primerjave<\/li>\n<li>na delih spletnih mestih, kjer je potrebna prijava, vas ohranimo prijavljene<\/li>\n<li>za prepoznavanje va\u0161e naprave (ra\u010dunalnik, tablica, mobitel), ki omogo\u010da prilagajanje prikaza vsebine va\u0161i napravi<\/li>\n<li>za spremljanje obiska, kar omogo\u010da preverjanje u\u010dinkovitosti prikaza vsebin in ustreznosti oglasov ter stalno izbolj\u0161avo spletnih strani<\/li>\n<li>za delovanje dolo\u010denih storitev so nujni (npr. spletne banke, spletne trgovine in druge oblike e-poslovanja, \u2026)<\/li>\n<\/ul>\n<\/div>\n<h3>Katere pi\u0161kotke uporabljamo?<\/h3>\n<\/div>\n<\/div>\n<div class=\"wpb_text_column wpb_content_element \">\n<div class=\"wpb_wrapper\">\n<div class=\"table-1\">\n<div class=\"container\">\n<div id=\"content\">\n<div class=\"row\">\n<div class=\"col w100\">\n<h3><\/h3>\n<div class=\"content\">\n<table width=\"100%\">\n<tbody>\n<tr>\n<th>Izdajatelj<\/th>\n<th>Ime pi\u0161kotka<\/th>\n<th>Veljavnost<\/th>\n<th>Namen<\/th>\n<\/tr>\n<tr>\n<td>Bentral<\/td>\n<td>PHPSESSID<\/td>\n<td>do zaprtja brskalnika ali 24 min<\/td>\n<td>seja za izvedbo rezervacije<\/td>\n<\/tr>\n<tr>\n<td>www.mulej-bled.si<\/td>\n<td>cookie_notice_accepted<\/td>\n<td>1 mesec<\/td>\n<td>ali je uporabnik sprejel uporabo pi\u0161kotkov<\/td>\n<\/tr>\n<tr>\n<td>youtube.com<\/td>\n<td>GPS<\/td>\n<td>1 mesec<\/td>\n<td>ogled youtube posnetkov<\/td>\n<\/tr>\n<tr>\n<td>youtube.com<\/td>\n<td>VISITOR_INFO1_LIVE<\/td>\n<td>1 mesec<\/td>\n<td>ogled youtube posnetkov<\/td>\n<\/tr>\n<tr>\n<td>youtube.com<\/td>\n<td>YSC<\/td>\n<td>1 mesec<\/td>\n<td>ogled youtube posnetkov<\/td>\n<\/tr>\n<\/tbody>\n<\/table>\n<\/div>\n<\/div>\n<\/div>\n<\/div>\n<\/div>\n<\/div>\n<\/div>\n<\/div>\n\n\t\t<\/div>\n\t<\/div>\n<\/div><\/div><\/div><\/div>\n<\/section>","protected":false},"excerpt":{"rendered":"O pi\u0161kotkih Pi\u0161kotke imamo vsi obiskovalci spletnih strani na svojih ra\u010dunalnikih, tablicah in mobilnih telefonoh shranjenih \u017ee veliko. Z novo zakonodajo (ZEKom-1) prihaja do sprememb glede<span class=\"excerpt-hellip\"> [\u2026]<\/span>","protected":false},"author":1,"featured_media":0,"parent":0,"menu_order":10,"comment_status":"closed","ping_status":"closed","template":"","meta":{"footnotes":""},"class_list":["post-683","page","type-page","status-publish","hentry"],"yoast_head":"<!-- This site is optimized with the Yoast SEO plugin v24.3 - https:\/\/yoast.com\/wordpress\/plugins\/seo\/ -->\n<title>Pi\u0161kotki - Mulej<\/title>\n<meta name=\"robots\" content=\"index, follow, max-snippet:-1, max-image-preview:large, max-video-preview:-1\" \/>\n<link rel=\"canonical\" href=\"https:\/\/mulej-bled.si\/sl\/piskotki\/\" \/>\n<meta property=\"og:locale\" content=\"sl_SI\" \/>\n<meta property=\"og:type\" content=\"article\" \/>\n<meta property=\"og:title\" content=\"Pi\u0161kotki - Mulej\" \/>\n<meta property=\"og:url\" content=\"https:\/\/mulej-bled.si\/sl\/piskotki\/\" \/>\n<meta property=\"og:site_name\" content=\"Mulej\" \/>\n<meta name=\"twitter:card\" content=\"summary_large_image\" \/>\n<meta name=\"twitter:label1\" content=\"Est. reading time\" \/>\n\t<meta name=\"twitter:data1\" content=\"2 minuti\" \/>\n<script type=\"application\/ld+json\" class=\"yoast-schema-graph\">{\"@context\":\"https:\/\/schema.org\",\"@graph\":[{\"@type\":\"WebPage\",\"@id\":\"https:\/\/mulej-bled.si\/piskotki\/\",\"url\":\"https:\/\/mulej-bled.si\/piskotki\/\",\"name\":\"Pi\u0161kotki - Mulej\",\"isPartOf\":{\"@id\":\"https:\/\/mulej-bled.si\/#website\"},\"datePublished\":\"2021-05-12T16:52:13+00:00\",\"dateModified\":\"2021-05-12T16:52:13+00:00\",\"breadcrumb\":{\"@id\":\"https:\/\/mulej-bled.si\/piskotki\/#breadcrumb\"},\"inLanguage\":\"sl-SI\",\"potentialAction\":[{\"@type\":\"ReadAction\",\"target\":[\"https:\/\/mulej-bled.si\/piskotki\/\"]}]},{\"@type\":\"BreadcrumbList\",\"@id\":\"https:\/\/mulej-bled.si\/piskotki\/#breadcrumb\",\"itemListElement\":[{\"@type\":\"ListItem\",\"position\":1,\"name\":\"Home\",\"item\":\"https:\/\/mulej-bled.si\/\"},{\"@type\":\"ListItem\",\"position\":2,\"name\":\"Pi\u0161kotki\"}]},{\"@type\":\"WebSite\",\"@id\":\"https:\/\/mulej-bled.si\/#website\",\"url\":\"https:\/\/mulej-bled.si\/\",\"name\":\"Mulej\",\"description\":\"\",\"publisher\":{\"@id\":\"https:\/\/mulej-bled.si\/#organization\"},\"potentialAction\":[{\"@type\":\"SearchAction\",\"target\":{\"@type\":\"EntryPoint\",\"urlTemplate\":\"https:\/\/mulej-bled.si\/?s={search_term_string}\"},\"query-input\":{\"@type\":\"PropertyValueSpecification\",\"valueRequired\":true,\"valueName\":\"search_term_string\"}}],\"inLanguage\":\"sl-SI\"},{\"@type\":\"Organization\",\"@id\":\"https:\/\/mulej-bled.si\/#organization\",\"name\":\"Mulej\",\"url\":\"https:\/\/mulej-bled.si\/\",\"logo\":{\"@type\":\"ImageObject\",\"inLanguage\":\"sl-SI\",\"@id\":\"https:\/\/mulej-bled.si\/#\/schema\/logo\/image\/\",\"url\":\"https:\/\/mulej-bled.si\/wp-content\/uploads\/2023\/03\/kmetija-mulej-250.png\",\"contentUrl\":\"https:\/\/mulej-bled.si\/wp-content\/uploads\/2023\/03\/kmetija-mulej-250.png\",\"width\":250,\"height\":277,\"caption\":\"Mulej\"},\"image\":{\"@id\":\"https:\/\/mulej-bled.si\/#\/schema\/logo\/image\/\"}}]}<\/script>\n<!-- \/ Yoast SEO plugin. -->","yoast_head_json":{"title":"Pi\u0161kotki - Mulej","robots":{"index":"index","follow":"follow","max-snippet":"max-snippet:-1","max-image-preview":"max-image-preview:large","max-video-preview":"max-video-preview:-1"},"canonical":"https:\/\/mulej-bled.si\/sl\/piskotki\/","og_locale":"sl_SI","og_type":"article","og_title":"Pi\u0161kotki - Mulej","og_url":"https:\/\/mulej-bled.si\/sl\/piskotki\/","og_site_name":"Mulej","twitter_card":"summary_large_image","twitter_misc":{"Est. reading time":"2 minuti"},"schema":{"@context":"https:\/\/schema.org","@graph":[{"@type":"WebPage","@id":"https:\/\/mulej-bled.si\/piskotki\/","url":"https:\/\/mulej-bled.si\/piskotki\/","name":"Pi\u0161kotki - Mulej","isPartOf":{"@id":"https:\/\/mulej-bled.si\/#website"},"datePublished":"2021-05-12T16:52:13+00:00","dateModified":"2021-05-12T16:52:13+00:00","breadcrumb":{"@id":"https:\/\/mulej-bled.si\/piskotki\/#breadcrumb"},"inLanguage":"sl-SI","potentialAction":[{"@type":"ReadAction","target":["https:\/\/mulej-bled.si\/piskotki\/"]}]},{"@type":"BreadcrumbList","@id":"https:\/\/mulej-bled.si\/piskotki\/#breadcrumb","itemListElement":[{"@type":"ListItem","position":1,"name":"Home","item":"https:\/\/mulej-bled.si\/"},{"@type":"ListItem","position":2,"name":"Pi\u0161kotki"}]},{"@type":"WebSite","@id":"https:\/\/mulej-bled.si\/#website","url":"https:\/\/mulej-bled.si\/","name":"Mulej","description":"","publisher":{"@id":"https:\/\/mulej-bled.si\/#organization"},"potentialAction":[{"@type":"SearchAction","target":{"@type":"EntryPoint","urlTemplate":"https:\/\/mulej-bled.si\/?s={search_term_string}"},"query-input":{"@type":"PropertyValueSpecification","valueRequired":true,"valueName":"search_term_string"}}],"inLanguage":"sl-SI"},{"@type":"Organization","@id":"https:\/\/mulej-bled.si\/#organization","name":"Mulej","url":"https:\/\/mulej-bled.si\/","logo":{"@type":"ImageObject","inLanguage":"sl-SI","@id":"https:\/\/mulej-bled.si\/#\/schema\/logo\/image\/","url":"https:\/\/mulej-bled.si\/wp-content\/uploads\/2023\/03\/kmetija-mulej-250.png","contentUrl":"https:\/\/mulej-bled.si\/wp-content\/uploads\/2023\/03\/kmetija-mulej-250.png","width":250,"height":277,"caption":"Mulej"},"image":{"@id":"https:\/\/mulej-bled.si\/#\/schema\/logo\/image\/"}}]}},"_links":{"self":[{"href":"https:\/\/mulej-bled.si\/sl\/wp-json\/wp\/v2\/pages\/683","targetHints":{"allow":["GET"]}}],"collection":[{"href":"https:\/\/mulej-bled.si\/sl\/wp-json\/wp\/v2\/pages"}],"about":[{"href":"https:\/\/mulej-bled.si\/sl\/wp-json\/wp\/v2\/types\/page"}],"author":[{"embeddable":true,"href":"https:\/\/mulej-bled.si\/sl\/wp-json\/wp\/v2\/users\/1"}],"replies":[{"embeddable":true,"href":"https:\/\/mulej-bled.si\/sl\/wp-json\/wp\/v2\/comments?post=683"}],"version-history":[{"count":1,"href":"https:\/\/mulej-bled.si\/sl\/wp-json\/wp\/v2\/pages\/683\/revisions"}],"predecessor-version":[{"id":684,"href":"https:\/\/mulej-bled.si\/sl\/wp-json\/wp\/v2\/pages\/683\/revisions\/684"}],"wp:attachment":[{"href":"https:\/\/mulej-bled.si\/sl\/wp-json\/wp\/v2\/media?parent=683"}],"curies":[{"name":"wp","href":"https:\/\/api.w.org\/{rel}","templated":true}]}}