{"id":782,"date":"2022-08-22T13:18:52","date_gmt":"2022-08-22T11:18:52","guid":{"rendered":"https:\/\/mulej-bled.si\/?page_id=782"},"modified":"2022-09-06T08:02:58","modified_gmt":"2022-09-06T06:02:58","slug":"ukrep-6-4-obnova-turisticnih-sob","status":"publish","type":"page","link":"https:\/\/mulej-bled.si\/sl\/ukrep-6-4-obnova-turisticnih-sob\/","title":{"rendered":"UKREP 6.4 Obnova turisti\u010dnih sob"},"content":{"rendered":"<section class=\"wpb-content-wrapper\"><div data-vc-full-width=\"true\" data-vc-full-width-init=\"false\" data-vc-stretch-content=\"true\" data-vc-parallax=\"1.5\" data-vc-parallax-image=\"\" class=\"vc_row wpb_row vc_row-fluid vc_custom_1620580976573 vc_row-has-fill vc_row-no-padding vc_general vc_parallax vc_parallax-content-moving\"><div class=\"wpb_column vc_column_container vc_col-sm-12 vc_col-has-fill\"><div class=\"vc_column-inner vc_custom_1620566763075\"><div class=\"wpb_wrapper\">\n\t<div class=\"wpb_text_column wpb_content_element  vc_custom_1661168586960 d4-header\" >\n\t\t<div class=\"wpb_wrapper\">\n\t\t\t<p>UKREP 6.4 Obnova turisti\u010dnih sob<\/p>\n\n\t\t<\/div>\n\t<\/div>\n<\/div><\/div><\/div><\/div><div class=\"vc_row-full-width vc_clearfix\"><\/div><div class=\"vc_row wpb_row vc_row-fluid\"><div class=\"wpb_column vc_column_container vc_col-sm-12\"><div class=\"vc_column-inner\"><div class=\"wpb_wrapper\">\n\t<div class=\"wpb_text_column wpb_content_element \" >\n\t\t<div class=\"wpb_wrapper\">\n\t\t\t<h4 class=\"elementor-heading-title elementor-size-default\">NAZIV AKTIVNOSTI<\/h4>\n\n\t\t<\/div>\n\t<\/div>\n\n\t<div class=\"wpb_text_column wpb_content_element \" >\n\t\t<div class=\"wpb_wrapper\">\n\t\t\t<p><strong>Podpora za nalo\u017ebe v vzpostavitev in razvoj nekmetijske dejavnosti<\/strong><\/p>\n<p>Vklju\u010ditev v podukrep 6.4. \u00a0&#8211; S podporo v nalo\u017ebe v vzpostavitev in razvoj nekmetijske dejavnosti smo izvedli obnovo nastanitvenih enot.<\/p>\n<p>Vizija turisti\u010dne kmetije Mulej je ostati visoko kvalitetna buti\u010dna destinacija, kjer bo gost lahko na bli\u017enjih pa\u0161nikih ob\u010dudoval doma\u010de \u017eivali, na sami kmetiji pa dobil najkvalitetnej\u0161e storitve za razvajanje duha in telesa.<\/p>\n<p>Kmetija Mulej je ena redkih kmetij na \u0161ir\u0161em obmo\u010dju ob\u010dine Bled, ki se poleg osnovne kmetijske dejavnosti in \u0161tevilnih ostalih dopolnilnih dejavnosti, ukvarjajo tudi s turizmom na kmetiji. Kmetija je ena najnaprednej\u0161ih kmetij na tem obmo\u010dju saj s pomo\u010djo novih idej in investicij uspe\u0161no sledimo globalnim trendom.<\/p>\n\n\t\t<\/div>\n\t<\/div>\n\n\t<div class=\"wpb_text_column wpb_content_element \" >\n\t\t<div class=\"wpb_wrapper\">\n\t\t\t<h4 class=\"elementor-heading-title elementor-size-default\">POVZETEK<\/h4>\n\n\t\t<\/div>\n\t<\/div>\n\n\t<div class=\"wpb_text_column wpb_content_element \" >\n\t\t<div class=\"wpb_wrapper\">\n\t\t\t<p>Za investicijo v dodatno ponudbo smo se na turisti\u010dni kmetiji odlo\u010dili, ker \u017eelimo ponuditi nekaj ve\u010d. \u017delimo prisluhniti trenutnim potrebam in povpra\u0161evanju. V hitrem tempu \u017eivljenja si vse ve\u010d ljudi za oddih izbere mirne lokacije s ponudbo, ki \u010dloveka umiri in sprosti. K odlo\u010ditvi je botrovala tudi diferenciacija na trgu ponudnikov no\u010ditev na obmo\u010dju Bleda, kjer se stalno ve\u010da \u0161tevilo privatnih namestitev. Omenjeno je pripomoglo, da smo se odlo\u010dil obstoje\u010di objekt s turisti\u010dnimi sobami temeljito obnoviti. Cilj prenove je gostom ponuditi kakovostno, sodobno namestitev s pridihom doma\u010dnosti za katero so gostje pripravljeni pla\u010dati nekoliko vi\u0161jo ceno.<\/p>\n\n\t\t<\/div>\n\t<\/div>\n\n\t<div class=\"wpb_text_column wpb_content_element \" >\n\t\t<div class=\"wpb_wrapper\">\n\t\t\t<h4 class=\"elementor-heading-title elementor-size-default\">CILJI<\/h4>\n\n\t\t<\/div>\n\t<\/div>\n\n\t<div class=\"wpb_text_column wpb_content_element \" >\n\t\t<div class=\"wpb_wrapper\">\n\t\t\t<p>Cilji turisti\u010dne kmetije Mulej:<\/p>\n<ul>\n<li>postati stabilno, uspe\u0161no, tehnolo\u0161ko sodobno in okolju prijazen poslovni subjekt, ki bo uspe\u0161no posloval na slovenskem in tujem trgu,<\/li>\n<li>ustvarjanje dolgoro\u010dnih konkuren\u010dnih prednosti pred tekmeci na trgu,<\/li>\n<li>s posodobitvijo nastanitev pove\u010dati \u0161tevilo doma\u010dih in tujih gostov,<\/li>\n<li>ohraniti konkuren\u010dnost na trgu in raz\u0161iriti dodatno ponudbo gostom,<\/li>\n<li>zadr\u017eati gosta \u010dim dlje na doma\u010dem turizmu in v lokalnem okolju,<\/li>\n<li>pove\u010dati prepoznavnost turisti\u010dne dejavnosti,<\/li>\n<li>ohraniti in nadgraditi sodelovanje z ostalimi turisti\u010dnimi ponudniki in dobavitelji na lokalnem nivoju,<\/li>\n<li>ohraniti oziroma pove\u010dati \u0161tevilo zaposlenih,<\/li>\n<li>izbolj\u0161anje u\u010dinkovitosti razporeditve dela na kmetiji,<\/li>\n<li>vi\u0161ji dohodek,<\/li>\n<li>pove\u010danje dodane vrednosti primarne kmetijske proizvodnje,<\/li>\n<li>povi\u0161anje dele\u017ea prodaje na domu in s tem zni\u017eanje stro\u0161kov logistike.<\/li>\n<\/ul>\n\n\t\t<\/div>\n\t<\/div>\n<\/div><\/div><\/div><\/div>\n<\/section>","protected":false},"excerpt":{"rendered":"UKREP 6.4 Obnova turisti\u010dnih sob NAZIV AKTIVNOSTI Podpora za nalo\u017ebe v vzpostavitev in razvoj nekmetijske dejavnosti Vklju\u010ditev v podukrep 6.4. \u00a0- S podporo v nalo\u017ebe v<span class=\"excerpt-hellip\"> [\u2026]<\/span>","protected":false},"author":1,"featured_media":0,"parent":0,"menu_order":7,"comment_status":"closed","ping_status":"closed","template":"","meta":{"footnotes":""},"class_list":["post-782","page","type-page","status-publish","hentry"],"yoast_head":"<!-- This site is optimized with the Yoast SEO plugin v24.3 - https:\/\/yoast.com\/wordpress\/plugins\/seo\/ -->\n<title>UKREP 6.4 Obnova turisti\u010dnih sob - Mulej<\/title>\n<meta name=\"robots\" content=\"index, follow, max-snippet:-1, max-image-preview:large, max-video-preview:-1\" \/>\n<link rel=\"canonical\" href=\"https:\/\/mulej-bled.si\/sl\/ukrep-6-4-obnova-turisticnih-sob\/\" \/>\n<meta property=\"og:locale\" content=\"sl_SI\" \/>\n<meta property=\"og:type\" content=\"article\" \/>\n<meta property=\"og:title\" content=\"UKREP 6.4 Obnova turisti\u010dnih sob - Mulej\" \/>\n<meta property=\"og:url\" content=\"https:\/\/mulej-bled.si\/sl\/ukrep-6-4-obnova-turisticnih-sob\/\" \/>\n<meta property=\"og:site_name\" content=\"Mulej\" \/>\n<meta property=\"article:modified_time\" content=\"2022-09-06T06:02:58+00:00\" \/>\n<meta name=\"twitter:card\" content=\"summary_large_image\" \/>\n<meta name=\"twitter:label1\" content=\"Est. reading time\" \/>\n\t<meta name=\"twitter:data1\" content=\"3 minute\" \/>\n<script type=\"application\/ld+json\" class=\"yoast-schema-graph\">{\"@context\":\"https:\/\/schema.org\",\"@graph\":[{\"@type\":\"WebPage\",\"@id\":\"https:\/\/mulej-bled.si\/ukrep-6-4-obnova-turisticnih-sob\/\",\"url\":\"https:\/\/mulej-bled.si\/ukrep-6-4-obnova-turisticnih-sob\/\",\"name\":\"UKREP 6.4 Obnova turisti\u010dnih sob - Mulej\",\"isPartOf\":{\"@id\":\"https:\/\/mulej-bled.si\/#website\"},\"datePublished\":\"2022-08-22T11:18:52+00:00\",\"dateModified\":\"2022-09-06T06:02:58+00:00\",\"breadcrumb\":{\"@id\":\"https:\/\/mulej-bled.si\/ukrep-6-4-obnova-turisticnih-sob\/#breadcrumb\"},\"inLanguage\":\"sl-SI\",\"potentialAction\":[{\"@type\":\"ReadAction\",\"target\":[\"https:\/\/mulej-bled.si\/ukrep-6-4-obnova-turisticnih-sob\/\"]}]},{\"@type\":\"BreadcrumbList\",\"@id\":\"https:\/\/mulej-bled.si\/ukrep-6-4-obnova-turisticnih-sob\/#breadcrumb\",\"itemListElement\":[{\"@type\":\"ListItem\",\"position\":1,\"name\":\"Home\",\"item\":\"https:\/\/mulej-bled.si\/\"},{\"@type\":\"ListItem\",\"position\":2,\"name\":\"UKREP 6.4 Obnova turisti\u010dnih sob\"}]},{\"@type\":\"WebSite\",\"@id\":\"https:\/\/mulej-bled.si\/#website\",\"url\":\"https:\/\/mulej-bled.si\/\",\"name\":\"Mulej\",\"description\":\"\",\"publisher\":{\"@id\":\"https:\/\/mulej-bled.si\/#organization\"},\"potentialAction\":[{\"@type\":\"SearchAction\",\"target\":{\"@type\":\"EntryPoint\",\"urlTemplate\":\"https:\/\/mulej-bled.si\/?s={search_term_string}\"},\"query-input\":{\"@type\":\"PropertyValueSpecification\",\"valueRequired\":true,\"valueName\":\"search_term_string\"}}],\"inLanguage\":\"sl-SI\"},{\"@type\":\"Organization\",\"@id\":\"https:\/\/mulej-bled.si\/#organization\",\"name\":\"Mulej\",\"url\":\"https:\/\/mulej-bled.si\/\",\"logo\":{\"@type\":\"ImageObject\",\"inLanguage\":\"sl-SI\",\"@id\":\"https:\/\/mulej-bled.si\/#\/schema\/logo\/image\/\",\"url\":\"https:\/\/mulej-bled.si\/wp-content\/uploads\/2023\/03\/kmetija-mulej-250.png\",\"contentUrl\":\"https:\/\/mulej-bled.si\/wp-content\/uploads\/2023\/03\/kmetija-mulej-250.png\",\"width\":250,\"height\":277,\"caption\":\"Mulej\"},\"image\":{\"@id\":\"https:\/\/mulej-bled.si\/#\/schema\/logo\/image\/\"}}]}<\/script>\n<!-- \/ Yoast SEO plugin. -->","yoast_head_json":{"title":"UKREP 6.4 Obnova turisti\u010dnih sob - Mulej","robots":{"index":"index","follow":"follow","max-snippet":"max-snippet:-1","max-image-preview":"max-image-preview:large","max-video-preview":"max-video-preview:-1"},"canonical":"https:\/\/mulej-bled.si\/sl\/ukrep-6-4-obnova-turisticnih-sob\/","og_locale":"sl_SI","og_type":"article","og_title":"UKREP 6.4 Obnova turisti\u010dnih sob - Mulej","og_url":"https:\/\/mulej-bled.si\/sl\/ukrep-6-4-obnova-turisticnih-sob\/","og_site_name":"Mulej","article_modified_time":"2022-09-06T06:02:58+00:00","twitter_card":"summary_large_image","twitter_misc":{"Est. reading time":"3 minute"},"schema":{"@context":"https:\/\/schema.org","@graph":[{"@type":"WebPage","@id":"https:\/\/mulej-bled.si\/ukrep-6-4-obnova-turisticnih-sob\/","url":"https:\/\/mulej-bled.si\/ukrep-6-4-obnova-turisticnih-sob\/","name":"UKREP 6.4 Obnova turisti\u010dnih sob - Mulej","isPartOf":{"@id":"https:\/\/mulej-bled.si\/#website"},"datePublished":"2022-08-22T11:18:52+00:00","dateModified":"2022-09-06T06:02:58+00:00","breadcrumb":{"@id":"https:\/\/mulej-bled.si\/ukrep-6-4-obnova-turisticnih-sob\/#breadcrumb"},"inLanguage":"sl-SI","potentialAction":[{"@type":"ReadAction","target":["https:\/\/mulej-bled.si\/ukrep-6-4-obnova-turisticnih-sob\/"]}]},{"@type":"BreadcrumbList","@id":"https:\/\/mulej-bled.si\/ukrep-6-4-obnova-turisticnih-sob\/#breadcrumb","itemListElement":[{"@type":"ListItem","position":1,"name":"Home","item":"https:\/\/mulej-bled.si\/"},{"@type":"ListItem","position":2,"name":"UKREP 6.4 Obnova turisti\u010dnih sob"}]},{"@type":"WebSite","@id":"https:\/\/mulej-bled.si\/#website","url":"https:\/\/mulej-bled.si\/","name":"Mulej","description":"","publisher":{"@id":"https:\/\/mulej-bled.si\/#organization"},"potentialAction":[{"@type":"SearchAction","target":{"@type":"EntryPoint","urlTemplate":"https:\/\/mulej-bled.si\/?s={search_term_string}"},"query-input":{"@type":"PropertyValueSpecification","valueRequired":true,"valueName":"search_term_string"}}],"inLanguage":"sl-SI"},{"@type":"Organization","@id":"https:\/\/mulej-bled.si\/#organization","name":"Mulej","url":"https:\/\/mulej-bled.si\/","logo":{"@type":"ImageObject","inLanguage":"sl-SI","@id":"https:\/\/mulej-bled.si\/#\/schema\/logo\/image\/","url":"https:\/\/mulej-bled.si\/wp-content\/uploads\/2023\/03\/kmetija-mulej-250.png","contentUrl":"https:\/\/mulej-bled.si\/wp-content\/uploads\/2023\/03\/kmetija-mulej-250.png","width":250,"height":277,"caption":"Mulej"},"image":{"@id":"https:\/\/mulej-bled.si\/#\/schema\/logo\/image\/"}}]}},"_links":{"self":[{"href":"https:\/\/mulej-bled.si\/sl\/wp-json\/wp\/v2\/pages\/782","targetHints":{"allow":["GET"]}}],"collection":[{"href":"https:\/\/mulej-bled.si\/sl\/wp-json\/wp\/v2\/pages"}],"about":[{"href":"https:\/\/mulej-bled.si\/sl\/wp-json\/wp\/v2\/types\/page"}],"author":[{"embeddable":true,"href":"https:\/\/mulej-bled.si\/sl\/wp-json\/wp\/v2\/users\/1"}],"replies":[{"embeddable":true,"href":"https:\/\/mulej-bled.si\/sl\/wp-json\/wp\/v2\/comments?post=782"}],"version-history":[{"count":6,"href":"https:\/\/mulej-bled.si\/sl\/wp-json\/wp\/v2\/pages\/782\/revisions"}],"predecessor-version":[{"id":795,"href":"https:\/\/mulej-bled.si\/sl\/wp-json\/wp\/v2\/pages\/782\/revisions\/795"}],"wp:attachment":[{"href":"https:\/\/mulej-bled.si\/sl\/wp-json\/wp\/v2\/media?parent=782"}],"curies":[{"name":"wp","href":"https:\/\/api.w.org\/{rel}","templated":true}]}}